{"id":14100,"date":"2026-02-06T19:20:29","date_gmt":"2026-02-06T18:20:29","guid":{"rendered":"https:\/\/groenegevels.be\/groene-gevels-partenaire-des-architectes-paysagistes-et-des-bureaux-detudes\/"},"modified":"2026-05-12T18:15:17","modified_gmt":"2026-05-12T16:15:17","slug":"groene-gevels-partenaire-des-architectes-paysagistes-et-des-bureaux-detudes","status":"publish","type":"page","link":"https:\/\/groenegevels.be\/fr\/groene-gevels-partenaire-des-architectes-paysagistes-et-des-bureaux-detudes\/","title":{"rendered":"Groene Gevels, partenaire des architectes (paysagistes) et des bureaux d\u2019\u00e9tudes"},"content":{"rendered":"\t\t<div data-elementor-type=\"wp-page\" data-elementor-id=\"14100\" class=\"elementor elementor-14100 elementor-5182\" data-elementor-post-type=\"page\">\n\t\t\t\t<div class=\"elementor-element elementor-element-fa25280 e-flex e-con-boxed e-con e-parent\" data-id=\"fa25280\" data-element_type=\"container\" data-e-type=\"container\" data-settings=\"{&quot;background_background&quot;:&quot;classic&quot;,&quot;background_motion_fx_motion_fx_scrolling&quot;:&quot;yes&quot;,&quot;background_motion_fx_translateY_effect&quot;:&quot;yes&quot;,&quot;background_motion_fx_translateY_speed&quot;:{&quot;unit&quot;:&quot;px&quot;,&quot;size&quot;:5,&quot;sizes&quot;:[]},&quot;background_motion_fx_range&quot;:&quot;page&quot;,&quot;jet_parallax_layout_list&quot;:[],&quot;background_motion_fx_translateY_affectedRange&quot;:{&quot;unit&quot;:&quot;%&quot;,&quot;size&quot;:&quot;&quot;,&quot;sizes&quot;:{&quot;start&quot;:0,&quot;end&quot;:100}},&quot;background_motion_fx_devices&quot;:[&quot;desktop&quot;,&quot;tablet&quot;,&quot;mobile&quot;]}\">\n\t\t\t\t\t<div class=\"e-con-inner\">\n\t\t\t\t<div class=\"elementor-element elementor-element-3a54be9 xxxlarge elementor-widget elementor-widget-heading\" data-id=\"3a54be9\" data-element_type=\"widget\" data-e-type=\"widget\" data-widget_type=\"heading.default\">\n\t\t\t\t\t<h1 class=\"elementor-heading-title elementor-size-default\">Groene Gevels, partenaire des architectes (paysagistes) et des bureaux d\u2019\u00e9tudes<\/h1>\t\t\t\t<\/div>\n\t\t\t\t\t<\/div>\n\t\t\t\t<\/div>\n\t\t<div class=\"elementor-element elementor-element-5fe921c e-flex e-con-boxed e-con e-parent\" data-id=\"5fe921c\" data-element_type=\"container\" data-e-type=\"container\" data-settings=\"{&quot;jet_parallax_layout_list&quot;:[]}\">\n\t\t\t\t\t<div class=\"e-con-inner\">\n\t\t<div class=\"elementor-element elementor-element-49098b9 e-con-full e-flex e-con e-child\" data-id=\"49098b9\" data-element_type=\"container\" data-e-type=\"container\" data-settings=\"{&quot;jet_parallax_layout_list&quot;:[]}\">\n\t\t<div class=\"elementor-element elementor-element-f38e203 e-con-full e-flex e-con e-child\" data-id=\"f38e203\" data-element_type=\"container\" data-e-type=\"container\" data-settings=\"{&quot;jet_parallax_layout_list&quot;:[]}\">\n\t\t\t\t<div class=\"elementor-element elementor-element-2e55c70 large elementor-widget elementor-widget-heading\" data-id=\"2e55c70\" data-element_type=\"widget\" data-e-type=\"widget\" data-widget_type=\"heading.default\">\n\t\t\t\t\t<h2 class=\"elementor-heading-title elementor-size-default\">Groene Gevels, partenaire des architectes (paysagistes) et des bureaux d\u2019\u00e9tudes<\/h2>\t\t\t\t<\/div>\n\t\t\t\t<div class=\"elementor-element elementor-element-f4ff5c7 elementor-widget elementor-widget-text-editor\" data-id=\"f4ff5c7\" data-element_type=\"widget\" data-e-type=\"widget\" data-widget_type=\"text-editor.default\">\n\t\t\t\t\t\t\t\t\t<p data-start=\"245\" data-end=\"472\">En tant que sp\u00e9cialiste de la v\u00e9g\u00e9talisation de fa\u00e7ades, nous travaillons en \u00e9troite collaboration avec les architectes (paysagistes) et les bureaux d\u2019\u00e9tudes pour r\u00e9aliser des solutions durables et esth\u00e9tiques. Du concept \u00e0 l\u2019ex\u00e9cution, nous offrons un accompagnement sur mesure pour chaque projet. <\/p>\n\n<h3 class=\"small bedrijven\" data-start=\"474\" data-end=\"834\"><strong data-start=\"474\" data-end=\"515\">Conception et r\u00e9alisation de jardins de fa\u00e7ade<\/strong><\/h3>\n<p data-start=\"474\" data-end=\"834\">Nous accompagnons l\u2019int\u00e9gralit\u00e9 du processus, de la conception \u00e0 l\u2019installation de jardins de fa\u00e7ade. Ces applications vertes peuvent \u00eatre int\u00e9gr\u00e9es aussi bien dans des projets de construction neuve que de r\u00e9novation. Nous conseillons sur le choix des plantes, la structure technique et l\u2019am\u00e9nagement optimal de la fa\u00e7ade, afin que l\u2019esth\u00e9tique et la fonctionnalit\u00e9 s\u2019harmonisent parfaitement.  <\/p>\n\n<h3 class=\"small bedrijven\" data-start=\"836\" data-end=\"1162\"><strong data-start=\"836\" data-end=\"866\">V\u00e9g\u00e9talisation de fa\u00e7ade en remplacement de parement<\/strong><\/h3>\n<p data-start=\"836\" data-end=\"1162\">Pour les projets o\u00f9 les mat\u00e9riaux de fa\u00e7ade classiques c\u00e8dent la place \u00e0 la verdure, nous apportons notre expertise technique et nos conseils. Nous aidons \u00e0 la s\u00e9lection de plantes grimpantes appropri\u00e9es et de structures de support, en accordant une attention particuli\u00e8re \u00e0 la durabilit\u00e9 et \u00e0 la r\u00e9duction de l\u2019effet d\u2019\u00eelot de chaleur urbain. <\/p>\n\n<h3 class=\"small bedrijven\" data-start=\"1164\" data-end=\"1478\"><strong data-start=\"1164\" data-end=\"1196\">Int\u00e9gration de fa\u00e7ades v\u00e9g\u00e9talis\u00e9es<\/strong><\/h3>\n<p data-start=\"1164\" data-end=\"1478\">Nous soutenons les architectes dans l\u2019int\u00e9gration de syst\u00e8mes de fa\u00e7ades v\u00e9g\u00e9talis\u00e9es qui contribuent \u00e0 l\u2019isolation, \u00e0 la biodiversit\u00e9 et \u00e0 l\u2019am\u00e9lioration du cadre de vie. Des applications simples aux syst\u00e8mes complexes reli\u00e9s au sol : nous r\u00e9fl\u00e9chissons avec vous \u00e0 des solutions innovantes et tourn\u00e9es vers l\u2019avenir. <\/p>\n\n<h3 class=\"small bedrijven\" data-start=\"1480\" data-end=\"1792\"><strong data-start=\"1480\" data-end=\"1509\">Conception favorable \u00e0 la nature<\/strong><\/h3>\n<p data-start=\"1480\" data-end=\"1792\">Les fa\u00e7ades v\u00e9g\u00e9talis\u00e9es jouent un r\u00f4le important dans la construction favorable \u00e0 la nature. Nous aidons \u00e0 concevoir des fa\u00e7ades qui ne sont pas seulement attrayantes visuellement, mais qui offrent \u00e9galement un espace \u00e0 la faune, comme les oiseaux et les chauves-souris. Ainsi, les projets contribuent activement \u00e0 la biodiversit\u00e9 en ville.  <\/p>\n\n<h3 class=\"small bedrijven\" data-start=\"1794\" data-end=\"2051\"><strong data-start=\"1794\" data-end=\"1832\">V\u00e9g\u00e9talisation lors de projets de r\u00e9novation<\/strong><\/h3>\n<p data-start=\"1794\" data-end=\"2051\">Lors de r\u00e9novations \u00e9galement, les fa\u00e7ades v\u00e9g\u00e9talis\u00e9es apportent une grande valeur ajout\u00e9e. Nous conseillons sur la mani\u00e8re de valoriser les b\u00e2timents existants avec de la verdure en fa\u00e7ade, ce qui se traduit par un aspect rafra\u00eechi et un impact \u00e9cologique r\u00e9duit. <\/p>\n\n<h3 class=\"small bedrijven\" data-start=\"2053\" data-end=\"2317\"><strong data-start=\"2053\" data-end=\"2073\">Protection solaire v\u00e9g\u00e9tale<\/strong><\/h3>\n<p data-start=\"2053\" data-end=\"2317\">Nos protections solaires v\u00e9g\u00e9tales allient esth\u00e9tique et fonctionnalit\u00e9. Elles aident \u00e0 pr\u00e9venir la surchauffe en filtrant la lumi\u00e8re du soleil et contribuent \u00e0 rendre le b\u00e2timent plus \u00e9conome en \u00e9nergie. En m\u00eame temps, elles assurent un aspect naturel et agr\u00e9able.  <\/p>\n\n<h3 class=\"small bedrijven\" data-start=\"2319\" data-end=\"2600\"><strong data-start=\"2319\" data-end=\"2341\">Ce que nous ne faisons pas<\/strong><\/h3>\n<p data-start=\"2319\" data-end=\"2600\">Nous ne r\u00e9alisons pas de jardins verticaux ou de syst\u00e8mes de murs vivants (\u00ab living walls \u00bb). Notre priorit\u00e9 se porte d\u00e9lib\u00e9r\u00e9ment sur les fa\u00e7ades v\u00e9g\u00e9talis\u00e9es reli\u00e9es au sol, qui sont plus durables et plus faciles \u00e0 entretenir sur le long terme. Vous en apprendrez davantage \u00e0 ce sujet dans notre article de blog sur la diff\u00e9rence entre les deux syst\u00e8mes.  <\/p>\t\t\t\t\t\t\t\t<\/div>\n\t\t\t\t<div class=\"elementor-element elementor-element-f3b2e6a xxsmall elementor-widget elementor-widget-button\" data-id=\"f3b2e6a\" data-element_type=\"widget\" data-e-type=\"widget\" data-widget_type=\"button.default\">\n\t\t\t\t\t\t\t\t\t\t<a class=\"elementor-button elementor-button-link elementor-size-sm\" href=\"https:\/\/groenegevels.be\/fr\/prendre-rendez-vous\/\">\n\t\t\t\t\t\t<span class=\"elementor-button-content-wrapper\">\n\t\t\t\t\t\t\t\t\t<span class=\"elementor-button-text\">Demandez de l\u2019aide pour votre projet<\/span>\n\t\t\t\t\t<\/span>\n\t\t\t\t\t<\/a>\n\t\t\t\t\t\t\t\t<\/div>\n\t\t\t\t<\/div>\n\t\t<div class=\"elementor-element elementor-element-28b74eb e-con-full e-flex e-con e-child\" data-id=\"28b74eb\" data-element_type=\"container\" data-e-type=\"container\" data-settings=\"{&quot;jet_parallax_layout_list&quot;:[]}\">\n\t\t\t\t<div class=\"elementor-element elementor-element-fa6db09 elementor-widget elementor-widget-image\" data-id=\"fa6db09\" data-element_type=\"widget\" data-e-type=\"widget\" data-widget_type=\"image.default\">\n\t\t\t\t\t\t\t\t\t\t\t\t\t\t\t<img fetchpriority=\"high\" decoding=\"async\" width=\"800\" height=\"600\" src=\"https:\/\/groenegevels.be\/wp-content\/uploads\/detail-groene-gevel-xxl-te-sint-niklaas-800x600-1.webp\" class=\"attachment-full size-full wp-image-14102\" alt=\"Detail-groene-gevel-XXL-te-Sint-Niklaas-800x600\" srcset=\"https:\/\/groenegevels.be\/wp-content\/uploads\/detail-groene-gevel-xxl-te-sint-niklaas-800x600-1.webp 800w, https:\/\/groenegevels.be\/wp-content\/uploads\/.\/detail-groene-gevel-xxl-te-sint-niklaas-800x600-1-600.webp 600w, https:\/\/groenegevels.be\/wp-content\/uploads\/.\/detail-groene-gevel-xxl-te-sint-niklaas-800x600-1-300.webp 300w, https:\/\/groenegevels.be\/wp-content\/uploads\/.\/detail-groene-gevel-xxl-te-sint-niklaas-800x600-1-150x150.webp 150w\" sizes=\"(max-width: 800px) 100vw, 800px\" \/>\t\t\t\t\t\t\t\t\t\t\t\t\t\t\t<\/div>\n\t\t\t\t<\/div>\n\t\t\t\t<\/div>\n\t\t\t\t\t<\/div>\n\t\t\t\t<\/div>\n\t\t\t\t<\/div>\n\t\t","protected":false},"excerpt":{"rendered":"<p>Groene Gevels, partenaire des architectes (paysagistes) et des bureaux d\u2019\u00e9tudes Groene Gevels, partenaire des architectes (paysagistes) et des bureaux d\u2019\u00e9tudes En tant que sp\u00e9cialiste de la v\u00e9g\u00e9talisation de fa\u00e7ades, nous travaillons en \u00e9troite collaboration avec les architectes (paysagistes) et les bureaux d\u2019\u00e9tudes pour r\u00e9aliser des solutions durables et esth\u00e9tiques. Du concept \u00e0 l\u2019ex\u00e9cution, nous offrons [&hellip;]<\/p>\n","protected":false},"author":1,"featured_media":0,"parent":0,"menu_order":16,"comment_status":"closed","ping_status":"closed","template":"","meta":{"_acf_changed":false,"_jet_sm_ready_style":"","_jet_sm_style":"","_jet_sm_controls_values":"","_jet_sm_fonts_collection":"","_jet_sm_fonts_links":"","footnotes":""},"class_list":["post-14100","page","type-page","status-publish","hentry"],"acf":[],"_links":{"self":[{"href":"https:\/\/groenegevels.be\/fr\/wp-json\/wp\/v2\/pages\/14100","targetHints":{"allow":["GET"]}}],"collection":[{"href":"https:\/\/groenegevels.be\/fr\/wp-json\/wp\/v2\/pages"}],"about":[{"href":"https:\/\/groenegevels.be\/fr\/wp-json\/wp\/v2\/types\/page"}],"author":[{"embeddable":true,"href":"https:\/\/groenegevels.be\/fr\/wp-json\/wp\/v2\/users\/1"}],"replies":[{"embeddable":true,"href":"https:\/\/groenegevels.be\/fr\/wp-json\/wp\/v2\/comments?post=14100"}],"version-history":[{"count":1,"href":"https:\/\/groenegevels.be\/fr\/wp-json\/wp\/v2\/pages\/14100\/revisions"}],"predecessor-version":[{"id":14104,"href":"https:\/\/groenegevels.be\/fr\/wp-json\/wp\/v2\/pages\/14100\/revisions\/14104"}],"wp:attachment":[{"href":"https:\/\/groenegevels.be\/fr\/wp-json\/wp\/v2\/media?parent=14100"}],"curies":[{"name":"wp","href":"https:\/\/api.w.org\/{rel}","templated":true}]}}